{"id":98,"date":"2012-07-18T10:42:57","date_gmt":"2012-07-18T10:42:57","guid":{"rendered":"http:\/\/www.poppate.at\/?page_id=98"},"modified":"2020-01-02T10:01:11","modified_gmt":"2020-01-02T10:01:11","slug":"cv-mario-rossori","status":"publish","type":"page","link":"http:\/\/www.poppate.at\/?page_id=98","title":{"rendered":"CV Mario Rossori"},"content":{"rendered":"<p><a href=\"http:\/\/www.poppate.at\/wp-content\/uploads\/2012\/07\/Rossori-Popkomm-2011.jpg\"><img loading=\"lazy\" decoding=\"async\" class=\"alignleft size-thumbnail wp-image-1033\" title=\"Rossori Popkomm 2011\" src=\"http:\/\/www.poppate.at\/wp-content\/uploads\/2012\/07\/Rossori-Popkomm-2011-e1344253227880-150x150.jpg\" alt=\"\" width=\"150\" height=\"150\" srcset=\"http:\/\/www.poppate.at\/wp-content\/uploads\/2012\/07\/Rossori-Popkomm-2011-e1344253227880-150x150.jpg 150w, http:\/\/www.poppate.at\/wp-content\/uploads\/2012\/07\/Rossori-Popkomm-2011-e1344253227880-300x300.jpg 300w, http:\/\/www.poppate.at\/wp-content\/uploads\/2012\/07\/Rossori-Popkomm-2011-e1344253227880.jpg 692w\" sizes=\"auto, (max-width: 150px) 100vw, 150px\" \/><\/a><\/p>\n<p><strong>&nbsp; Mag. Mario Rossori<\/strong> aka &#8222;der Poppate&#8220;<\/p>\n<p>Geboren 1959, Abschluss des Betriebswirtschaftsstudiums (1984), Gr\u00fcndung der Konzertagentur Johnny Concerts (1984) gemeinsam mit Georg Leitner. Gr\u00f6\u00dfte Erfolge: Open Air-Konzert mit Rod Stewart, Europatourneen mit James Brown, Kool &amp; the Gang, ab 1986 selbst\u00e4ndig als Promotionagentur im Bereich Musik, danach in einer Marketingagentur und Werbeagentur t\u00e4tig. 1990 Gr\u00fcndung des eigenen Musikverlags, ab 1991 B\u00fcrogemeinschaft mit dem Label Spray Records (Alexander Spritzendorfer). Anfang 1994 Umwandlung in eine gemeinsame Firma: Spritzendorfer &amp; Rossori GesmbH (Label, Musikverlag, Konzertagentur und&nbsp;&nbsp; K\u00fcnstlermanagement). Mitte 1996 Verkauf der Anteile an BMG Ariola \u00d6sterreich, von September 1996 bis Oktober 1999 als Konsulent im Bereich PR und Popularmusik f\u00fcr das mica t\u00e4tig.<\/p>\n<p>Ab 2000 Organisator der Gemeinschaftsst\u00e4nde auf internationalen Musikmessen: POPKOMM (bis 2008) oder MIDEM (bis 2014). Von 2000 bis 2008 Mitgr\u00fcnder und Organisator des \u00f6sterreichischen Musikpreises AMADEUS Austrian Music Award. Seit 2001 betreibt er das Label &#8222;Pate Records&#8220; (insgeamt 111 Alben ver\u00f6ffentlicht) . Seit 2003 als Referent im Bereich Musik- und Eventmanagement t\u00e4tig (bfi, Jugend in Wien, Musikuniversit\u00e4t &amp; WIFI). 2011 bis 2014 Gesch\u00e4ftsf\u00fchrer von Preiser Records und seit 2011 Vertretung des Schubert Musikverlags in \u00d6sterreich. 2015 Gr\u00fcndung von &#8222;Rossori Music&#8220; mit dem Schwerpunkt Vinyl Ver\u00f6ffentlichungen.<\/p>\n<p><em>Offizielle Positionen:<\/em><\/p>\n<p>Vorstandsmitglied des \u00d6MR (\u00d6sterreichischer Musikrat), des SRA (Archiv f\u00fcr Popularmusik), Mitglied des Fachverbandsausschusses der Fachgruppe Werbung und Marktkommunikation Wien und Leitungsteammitglied des VTM\u00d6 (Dachverband unabh\u00e4ngiger Tontr\u00e4gerunternehmen, Musikverlage und Musikproduzenten \u00d6sterreichs).<\/p>\n","protected":false},"excerpt":{"rendered":"<p>&nbsp; Mag. Mario Rossori aka &#8222;der Poppate&#8220; Geboren 1959, Abschluss des Betriebswirtschaftsstudiums (1984), Gr\u00fcndung der Konzertagentur Johnny Concerts (1984) gemeinsam mit Georg Leitner. Gr\u00f6\u00dfte Erfolge: Open Air-Konzert mit Rod Stewart, Europatourneen mit James Brown, Kool &amp; the Gang, ab 1986 selbst\u00e4ndig als Promotionagentur im Bereich Musik, danach in einer Marketingagentur und Werbeagentur t\u00e4tig. 1990 Gr\u00fcndung [&hellip;]<\/p>\n","protected":false},"author":1,"featured_media":0,"parent":87,"menu_order":2,"comment_status":"open","ping_status":"open","template":"","meta":{"om_disable_all_campaigns":false,"ngg_post_thumbnail":0,"two_page_speed":[],"footnotes":""},"class_list":["post-98","page","type-page","status-publish","hentry"],"aioseo_notices":[],"_links":{"self":[{"href":"http:\/\/www.poppate.at\/index.php?rest_route=\/wp\/v2\/pages\/98","targetHints":{"allow":["GET"]}}],"collection":[{"href":"http:\/\/www.poppate.at\/index.php?rest_route=\/wp\/v2\/pages"}],"about":[{"href":"http:\/\/www.poppate.at\/index.php?rest_route=\/wp\/v2\/types\/page"}],"author":[{"embeddable":true,"href":"http:\/\/www.poppate.at\/index.php?rest_route=\/wp\/v2\/users\/1"}],"replies":[{"embeddable":true,"href":"http:\/\/www.poppate.at\/index.php?rest_route=%2Fwp%2Fv2%2Fcomments&post=98"}],"version-history":[{"count":24,"href":"http:\/\/www.poppate.at\/index.php?rest_route=\/wp\/v2\/pages\/98\/revisions"}],"predecessor-version":[{"id":15515,"href":"http:\/\/www.poppate.at\/index.php?rest_route=\/wp\/v2\/pages\/98\/revisions\/15515"}],"up":[{"embeddable":true,"href":"http:\/\/www.poppate.at\/index.php?rest_route=\/wp\/v2\/pages\/87"}],"wp:attachment":[{"href":"http:\/\/www.poppate.at\/index.php?rest_route=%2Fwp%2Fv2%2Fmedia&parent=98"}],"curies":[{"name":"wp","href":"https:\/\/api.w.org\/{rel}","templated":true}]}}