{"id":96,"date":"2012-07-18T10:42:33","date_gmt":"2012-07-18T10:42:33","guid":{"rendered":"http:\/\/www.poppate.at\/?page_id=96"},"modified":"2018-05-21T17:46:53","modified_gmt":"2018-05-21T17:46:53","slug":"unternehmensprofil","status":"publish","type":"page","link":"http:\/\/www.poppate.at\/?page_id=96","title":{"rendered":"Unternehmensprofil"},"content":{"rendered":"<p><strong>Pate Records<\/strong> wurde 2001 aus der Taufe gehoben. Meine Intention war und ist, jungen \u00f6sterreichischen MusikerInnen Starthilfe zu geben. Pate Records ver\u00f6ffentlicht Musik, die authentisch ist und k\u00fcmmert sich um Bands, die einen mitrei\u00dfenden Live-Act bringen, eine gute Fan-Base haben und ein klares musikalisches Konzept. Die musikalische Richtung ist mir ziemlich egal, da Pate Records ein &#8222;Kraut- und R\u00fcben-Label&#8220; (Eigendefinition) ist, das von Pop \u00fcber Jazz bis New Metal schon alles ver\u00f6ffentlicht hat.<\/p>\n<p>Dieses Konzept ist noch immer g\u00fcltig, weil es sich als erfolgreich erwiesen hat. Ich bin stolz auf die vielen jungen K\u00fcnstlerInnen, denen ich helfen konnte, die ersten Schritte in der Musikindustrie zu machen. Viele haben ihren Weg gemacht wie Garish, 3 Feet Smaller, Curbs, Milk+ oder My Name Is Music. Highlights von Pate Records sind die Hitparadenerfolge von Eva K. Anderson (seit 2008) und (James Cottriall seit 2010). Und immer wieder erlebe ich \u00dcberraschungen wie mit .Spout, die in Japan als hei\u00dfester New-Metal-Act gehandelt wurden und in k\u00fcrzester Zeit dort \u00fcber 10.000 St\u00fcck verkauften.<\/p>\n<p>Seit 2015 gibt es das Label <strong>Rossori Music<\/strong>, dass sich speziell auf die Ver\u00f6ffentlichungen von Vinyl Schallplatten spezialisiert hat.<\/p>\n<p>Die neuen Partnerschaften mit dem Musikverlag <strong>Schubert Music Publishing<\/strong> und dem Vertrieb <strong>MG Sound <\/strong>f\u00fchren dazu, dass seit 2011 alle Ver\u00f6ffentlichungen in Deutschland, \u00d6sterreich und der Schweiz gleichzeitig auf den Markt kommen und auch Europa\/Weltweit die T\u00fcren damit aufgestossen sind. Gemeinsam arbeiten wir daran, die Ideen von Pate Records bzw. Rossori Music weiter zu entwickeln!<\/p>\n","protected":false},"excerpt":{"rendered":"<p>Pate Records wurde 2001 aus der Taufe gehoben. Meine Intention war und ist, jungen \u00f6sterreichischen MusikerInnen Starthilfe zu geben. Pate Records ver\u00f6ffentlicht Musik, die authentisch ist und k\u00fcmmert sich um Bands, die einen mitrei\u00dfenden Live-Act bringen, eine gute Fan-Base haben und ein klares musikalisches Konzept. Die musikalische Richtung ist mir ziemlich egal, da Pate Records [&hellip;]<\/p>\n","protected":false},"author":1,"featured_media":0,"parent":87,"menu_order":1,"comment_status":"open","ping_status":"open","template":"","meta":{"om_disable_all_campaigns":false,"ngg_post_thumbnail":0,"two_page_speed":null,"footnotes":""},"class_list":["post-96","page","type-page","status-publish","hentry"],"aioseo_notices":[],"_links":{"self":[{"href":"http:\/\/www.poppate.at\/index.php?rest_route=\/wp\/v2\/pages\/96","targetHints":{"allow":["GET"]}}],"collection":[{"href":"http:\/\/www.poppate.at\/index.php?rest_route=\/wp\/v2\/pages"}],"about":[{"href":"http:\/\/www.poppate.at\/index.php?rest_route=\/wp\/v2\/types\/page"}],"author":[{"embeddable":true,"href":"http:\/\/www.poppate.at\/index.php?rest_route=\/wp\/v2\/users\/1"}],"replies":[{"embeddable":true,"href":"http:\/\/www.poppate.at\/index.php?rest_route=%2Fwp%2Fv2%2Fcomments&post=96"}],"version-history":[{"count":6,"href":"http:\/\/www.poppate.at\/index.php?rest_route=\/wp\/v2\/pages\/96\/revisions"}],"predecessor-version":[{"id":15176,"href":"http:\/\/www.poppate.at\/index.php?rest_route=\/wp\/v2\/pages\/96\/revisions\/15176"}],"up":[{"embeddable":true,"href":"http:\/\/www.poppate.at\/index.php?rest_route=\/wp\/v2\/pages\/87"}],"wp:attachment":[{"href":"http:\/\/www.poppate.at\/index.php?rest_route=%2Fwp%2Fv2%2Fmedia&parent=96"}],"curies":[{"name":"wp","href":"https:\/\/api.w.org\/{rel}","templated":true}]}}