{"id":93,"date":"2012-07-18T10:35:07","date_gmt":"2012-07-18T10:35:07","guid":{"rendered":"http:\/\/www.poppate.at\/?page_id=93"},"modified":"2021-11-11T09:40:53","modified_gmt":"2021-11-11T09:40:53","slug":"presse","status":"publish","type":"page","link":"http:\/\/www.poppate.at\/?page_id=93","title":{"rendered":"Fotos"},"content":{"rendered":"<p><strong>Download f\u00fcr druckf\u00e4hige Fotos &amp; Covers:<br \/>\n<span style=\"color: #0000ff;\">Bild anklicken und das vergr\u00f6\u00dferte Bild mit rechter Maustaste downloaden.<\/span><\/strong><\/p>\n<p><span style=\"color: #ff0000;\"><strong>PRESSEFOTOS:<\/strong><\/span><\/p>\n<p><strong>ALF POIER<br \/>\n<\/strong>ngg_shortcode_0_placeholder<\/p>\n<p>&#8212;&#8212;&#8212;&#8212;&#8212;-<br \/>\n<strong>C\u00c9CILE NORDEGG<br \/>\n<\/strong>ngg_shortcode_1_placeholder<\/p>\n<p>&#8212;&#8212;&#8212;&#8212;&#8212;-<br \/>\n<strong>THE SELLOUT<\/strong><br \/>\nngg_shortcode_2_placeholder<\/p>\n<p>&#8212;&#8212;&#8212;&#8212;&#8212;-<strong><br \/>\nBEN SKY<br \/>\n<\/strong>ngg_shortcode_3_placeholder<\/p>\n<p>&#8212;&#8212;&#8212;&#8212;&#8212;-<br \/>\n<strong>\u00d6HA!<\/strong><br \/>\nngg_shortcode_4_placeholder<\/p>\n<p>&#8212;&#8212;&#8212;&#8212;&#8212;-<br \/>\n<strong>PETER SCHRAMMEL<\/strong><br \/>\nngg_shortcode_5_placeholder<\/p>\n<p>&#8212;&#8212;&#8212;&#8212;&#8212;-<br \/>\n<strong>PETER HENISCH<\/strong><br \/>\nngg_shortcode_6_placeholder<\/p>\n<p>&#8212;&#8212;&#8212;&#8212;&#8212;-<strong><br \/>\nFACELIFT<\/strong><br \/>\nngg_shortcode_7_placeholder<\/p>\n<p>&#8212;&#8212;&#8212;&#8212;&#8212;-<strong><br \/>\nTHREE GIRL MADHOUSE<\/strong><br \/>\nngg_shortcode_8_placeholder<\/p>\n<p>&nbsp;<\/p>\n<p>&nbsp;<\/p>\n<p>&nbsp;<\/p>\n","protected":false},"excerpt":{"rendered":"<p>Download f\u00fcr druckf\u00e4hige Fotos &amp; Covers: Bild anklicken und das vergr\u00f6\u00dferte Bild mit rechter Maustaste downloaden. PRESSEFOTOS: ALF POIER &#8212;&#8212;&#8212;&#8212;&#8212;- C\u00c9CILE NORDEGG &#8212;&#8212;&#8212;&#8212;&#8212;- THE SELLOUT &#8212;&#8212;&#8212;&#8212;&#8212;- BEN SKY &#8212;&#8212;&#8212;&#8212;&#8212;- \u00d6HA! &#8212;&#8212;&#8212;&#8212;&#8212;- PETER SCHRAMMEL &#8212;&#8212;&#8212;&#8212;&#8212;- PETER HENISCH &#8212;&#8212;&#8212;&#8212;&#8212;- FACELIFT &#8212;&#8212;&#8212;&#8212;&#8212;- THREE GIRL MADHOUSE &nbsp; &nbsp; &nbsp;<\/p>\n","protected":false},"author":1,"featured_media":0,"parent":2,"menu_order":2,"comment_status":"open","ping_status":"open","template":"","meta":{"om_disable_all_campaigns":false,"ngg_post_thumbnail":0,"two_page_speed":[],"footnotes":""},"class_list":["post-93","page","type-page","status-publish","hentry"],"aioseo_notices":[],"_links":{"self":[{"href":"http:\/\/www.poppate.at\/index.php?rest_route=\/wp\/v2\/pages\/93","targetHints":{"allow":["GET"]}}],"collection":[{"href":"http:\/\/www.poppate.at\/index.php?rest_route=\/wp\/v2\/pages"}],"about":[{"href":"http:\/\/www.poppate.at\/index.php?rest_route=\/wp\/v2\/types\/page"}],"author":[{"embeddable":true,"href":"http:\/\/www.poppate.at\/index.php?rest_route=\/wp\/v2\/users\/1"}],"replies":[{"embeddable":true,"href":"http:\/\/www.poppate.at\/index.php?rest_route=%2Fwp%2Fv2%2Fcomments&post=93"}],"version-history":[{"count":91,"href":"http:\/\/www.poppate.at\/index.php?rest_route=\/wp\/v2\/pages\/93\/revisions"}],"predecessor-version":[{"id":15676,"href":"http:\/\/www.poppate.at\/index.php?rest_route=\/wp\/v2\/pages\/93\/revisions\/15676"}],"up":[{"embeddable":true,"href":"http:\/\/www.poppate.at\/index.php?rest_route=\/wp\/v2\/pages\/2"}],"wp:attachment":[{"href":"http:\/\/www.poppate.at\/index.php?rest_route=%2Fwp%2Fv2%2Fmedia&parent=93"}],"curies":[{"name":"wp","href":"https:\/\/api.w.org\/{rel}","templated":true}]}}