{"id":87,"date":"2012-07-17T21:32:53","date_gmt":"2012-07-17T21:32:53","guid":{"rendered":"http:\/\/www.poppate.at\/?page_id=87"},"modified":"2025-02-10T17:22:30","modified_gmt":"2025-02-10T17:22:30","slug":"about","status":"publish","type":"page","link":"http:\/\/www.poppate.at\/","title":{"rendered":"ABOUT"},"content":{"rendered":"<p>Rossori Promotion &amp; Music ist im Besitz von Mario Rossori, auch bekannt unter dem Pseudonym &#8222;Der Poppate&#8220;.<\/p>\n<p>Rossori Promotion &amp; Music macht Promotion f\u00fcr K\u00fcnstlerinnen, K\u00fcnstler und Bands jeglicher Entwicklungsstufe (Newcomer bis Star) und deren Produktionen, Konzerte oder Projekte.<\/p>\n<p>Rossori Promotion &amp; Music veranstaltet selber Konzerte, Gro\u00df-Events, Firmen-Events oder stellt f\u00fcr diese Events ein speziell ausgearbeitetes Musikprogramm zusammen oder entwickelt es daf\u00fcr.<\/p>\n<p>Rossori Promotion &amp; Music ist gerne bereit f\u00fcr Ihr Projekt ein Angebot inkl. Zeitplan zu erstellen.<\/p>\n<p>&nbsp;<\/p>\n<p>&nbsp;<\/p>\n","protected":false},"excerpt":{"rendered":"<p>Rossori Promotion &amp; Music ist im Besitz von Mario Rossori, auch bekannt unter dem Pseudonym &#8222;Der Poppate&#8220;. Rossori Promotion &amp; Music macht Promotion f\u00fcr K\u00fcnstlerinnen, K\u00fcnstler und Bands jeglicher Entwicklungsstufe (Newcomer bis Star) und deren Produktionen, Konzerte oder Projekte. Rossori Promotion &amp; Music veranstaltet selber Konzerte, Gro\u00df-Events, Firmen-Events oder stellt f\u00fcr diese Events ein speziell [&hellip;]<\/p>\n","protected":false},"author":1,"featured_media":0,"parent":0,"menu_order":5,"comment_status":"closed","ping_status":"closed","template":"","meta":{"om_disable_all_campaigns":false,"ngg_post_thumbnail":0,"two_page_speed":[],"footnotes":""},"class_list":["post-87","page","type-page","status-publish","hentry"],"aioseo_notices":[],"_links":{"self":[{"href":"http:\/\/www.poppate.at\/index.php?rest_route=\/wp\/v2\/pages\/87","targetHints":{"allow":["GET"]}}],"collection":[{"href":"http:\/\/www.poppate.at\/index.php?rest_route=\/wp\/v2\/pages"}],"about":[{"href":"http:\/\/www.poppate.at\/index.php?rest_route=\/wp\/v2\/types\/page"}],"author":[{"embeddable":true,"href":"http:\/\/www.poppate.at\/index.php?rest_route=\/wp\/v2\/users\/1"}],"replies":[{"embeddable":true,"href":"http:\/\/www.poppate.at\/index.php?rest_route=%2Fwp%2Fv2%2Fcomments&post=87"}],"version-history":[{"count":6,"href":"http:\/\/www.poppate.at\/index.php?rest_route=\/wp\/v2\/pages\/87\/revisions"}],"predecessor-version":[{"id":15690,"href":"http:\/\/www.poppate.at\/index.php?rest_route=\/wp\/v2\/pages\/87\/revisions\/15690"}],"wp:attachment":[{"href":"http:\/\/www.poppate.at\/index.php?rest_route=%2Fwp%2Fv2%2Fmedia&parent=87"}],"curies":[{"name":"wp","href":"https:\/\/api.w.org\/{rel}","templated":true}]}}