{"id":7808,"date":"2014-02-09T19:41:17","date_gmt":"2014-02-09T19:41:17","guid":{"rendered":"http:\/\/www.poppate.at\/?page_id=7808"},"modified":"2014-02-10T18:58:32","modified_gmt":"2014-02-10T18:58:32","slug":"covers","status":"publish","type":"page","link":"http:\/\/www.poppate.at\/?page_id=7808","title":{"rendered":"Covers"},"content":{"rendered":"<p><strong>Download f\u00fcr druckf\u00e4hige Fotos &amp; Covers:<br \/>\n<span style=\"color: #0000ff;\">Bild anklicken und das vergr\u00f6\u00dferte Bild mit rechter Maustaste downloaden.<\/span><\/strong><\/p>\n<p><span style=\"color: #ff0000;\"><strong>Covers:<\/strong><\/span><br \/>\nngg_shortcode_0_placeholder<\/p>\n","protected":false},"excerpt":{"rendered":"<p>Download f\u00fcr druckf\u00e4hige Fotos &amp; Covers: Bild anklicken und das vergr\u00f6\u00dferte Bild mit rechter Maustaste downloaden. Covers:<\/p>\n","protected":false},"author":1,"featured_media":0,"parent":2,"menu_order":3,"comment_status":"open","ping_status":"closed","template":"","meta":{"om_disable_all_campaigns":false,"ngg_post_thumbnail":0,"two_page_speed":[],"footnotes":""},"class_list":["post-7808","page","type-page","status-publish","hentry"],"aioseo_notices":[],"_links":{"self":[{"href":"http:\/\/www.poppate.at\/index.php?rest_route=\/wp\/v2\/pages\/7808","targetHints":{"allow":["GET"]}}],"collection":[{"href":"http:\/\/www.poppate.at\/index.php?rest_route=\/wp\/v2\/pages"}],"about":[{"href":"http:\/\/www.poppate.at\/index.php?rest_route=\/wp\/v2\/types\/page"}],"author":[{"embeddable":true,"href":"http:\/\/www.poppate.at\/index.php?rest_route=\/wp\/v2\/users\/1"}],"replies":[{"embeddable":true,"href":"http:\/\/www.poppate.at\/index.php?rest_route=%2Fwp%2Fv2%2Fcomments&post=7808"}],"version-history":[{"count":12,"href":"http:\/\/www.poppate.at\/index.php?rest_route=\/wp\/v2\/pages\/7808\/revisions"}],"predecessor-version":[{"id":15667,"href":"http:\/\/www.poppate.at\/index.php?rest_route=\/wp\/v2\/pages\/7808\/revisions\/15667"}],"up":[{"embeddable":true,"href":"http:\/\/www.poppate.at\/index.php?rest_route=\/wp\/v2\/pages\/2"}],"wp:attachment":[{"href":"http:\/\/www.poppate.at\/index.php?rest_route=%2Fwp%2Fv2%2Fmedia&parent=7808"}],"curies":[{"name":"wp","href":"https:\/\/api.w.org\/{rel}","templated":true}]}}