{"id":7181,"date":"2013-11-24T18:39:22","date_gmt":"2013-11-24T18:39:22","guid":{"rendered":"http:\/\/www.poppate.at\/?page_id=7181"},"modified":"2026-03-31T15:33:37","modified_gmt":"2026-03-31T15:33:37","slug":"artists","status":"publish","type":"page","link":"http:\/\/www.poppate.at\/?page_id=7181","title":{"rendered":"Artists"},"content":{"rendered":"<p><span style=\"color: #0000ff;\"><strong>WIR HABEN DIE RICHTIGEN K\u00dcNSTLER F\u00dcR IHRE VERANSTALTUNG!<\/strong><\/span><\/p>\nngg_shortcode_0_placeholder\n<p>Hier finden Sie unsere aktuelle Liste der vertretenen K\u00fcnstlerInnen und Bands:<\/p>\n<p><a href=\"https:\/\/www.poppate.at\/?p=15859\"><strong>WOLFGANG FIFI PISSECKER<\/strong><\/a> &#8211; <strong>&#8222;<\/strong>Na gratuliere\u2026 von 16 bis 60!\u201c&nbsp;<\/p>\n<p><a href=\"https:\/\/www.poppate.at\/?p=15848\"><strong>RUDI DOLEZAL<\/strong><\/a> &#8211; Lese-Video-Show &#8222;FALCO &#8211; die ganze Wahrheit&#8220;&#8220;<\/p>\n<p><strong><a href=\"http:\/\/www.poppate.at\/?p=15745\">RUDI DOLEZAL<\/a>&nbsp;<\/strong>&#8211; Lese-Video-Show &#8222;My Friend Freddie Live&#8220;<\/p>\n<p><strong><a href=\"http:\/\/www.poppate.at\/?p=15771\">RUDI DOLEZAL<\/a>&nbsp;<\/strong>&#8211; Lese-Show &#8222;100 Jahre AUSTROPOP \u2013 Weltber\u00fchmt in \u00d6sterreich\u2026&#8220;<\/p>\n<p><strong><a href=\"http:\/\/www.poppate.at\/?p=15759\">DELADAP<\/a> <\/strong>&#8211; Elektroswing<\/p>\n<p><a href=\"http:\/\/www.poppate.at\/?p=15649\"><strong>C\u00c8CILE NORDEGG <\/strong><\/a>&#8211; Jazz-Chanson<\/p>\n<p><strong><a href=\"http:\/\/www.poppate.at\/?p=15702\">BANANZ<\/a><\/strong> &#8211; Liedermacher mit Pep<\/p>\n<p><a href=\"http:\/\/www.poppate.at\/?p=14657\"><strong><strong>ALF POIER<\/strong><\/strong><\/a> &#8211; K\u00fcnstler<\/p>\n<p><a href=\"http:\/\/www.poppate.at\/?p=12550\"><strong>LEOPOLD.Wien<\/strong><\/a> &#8211; wienerischer R &amp; B&nbsp;<\/p>\n<p><strong><a href=\"http:\/\/www.poppate.at\/?p=15493\">MINI &amp; CLAUS<\/a><\/strong> &#8211; Austropop<\/p>\n<p><a href=\"http:\/\/www.poppate.at\/?p=15707\"><strong>DUO SAMAMBAIA<\/strong><\/a> &#8211; brasilianische Musik<\/p>\n<p><a href=\"http:\/\/www.poppate.at\/?p=15683\"><strong>MAT SCHUH<\/strong><\/a> &#8211; Rock &#8217;n&#8216; Roll Entertainer<\/p>\n<p><a href=\"http:\/\/www.poppate.at\/?p=15063\"><strong>ASTRID GOLDA<\/strong><\/a> &#8211; Deutsch-Pop<\/p>\n<p><a href=\"http:\/\/www.poppate.at\/?p=15088\"><strong>CHRISTIAN MERINGOLO<\/strong><\/a> &#8211; Italo-Pop<\/p>\n<p><a href=\"http:\/\/www.poppate.at\/?p=12780\"><strong>EARL OKIN <\/strong><\/a>&#8211; Jazz-British Comedian<\/p>\n<p><strong><a href=\"http:\/\/www.poppate.at\/?p=15555\">\u00d6HA!<\/a><\/strong> &#8211; Wienerlied<\/p>\n<p><a href=\"http:\/\/www.poppate.at\/?p=15153\"><strong>PETER HENISCH<\/strong><\/a> &#8211; Blues<\/p>\n<p><a href=\"http:\/\/www.poppate.at\/?p=14706\"><strong><strong>OPER &amp; ORGEL<\/strong><\/strong><\/a> &#8211; Klassik<\/p>\n<p><a href=\"http:\/\/www.poppate.at\/?p=12780\"><strong><strong>&nbsp;<\/strong><\/strong><\/a><\/p>\n<p>&nbsp;<\/p>\n","protected":false},"excerpt":{"rendered":"<p>WIR HABEN DIE RICHTIGEN K\u00dcNSTLER F\u00dcR IHRE VERANSTALTUNG! Hier finden Sie unsere aktuelle Liste der vertretenen K\u00fcnstlerInnen und Bands: WOLFGANG FIFI PISSECKER &#8211; &#8222;Na gratuliere\u2026 von 16 bis 60!\u201c&nbsp; RUDI DOLEZAL &#8211; Lese-Video-Show &#8222;FALCO &#8211; die ganze Wahrheit&#8220;&#8220; RUDI DOLEZAL&nbsp;&#8211; Lese-Video-Show &#8222;My Friend Freddie Live&#8220; RUDI DOLEZAL&nbsp;&#8211; Lese-Show &#8222;100 Jahre AUSTROPOP \u2013 Weltber\u00fchmt in \u00d6sterreich\u2026&#8220; [&hellip;]<\/p>\n","protected":false},"author":1,"featured_media":0,"parent":6607,"menu_order":0,"comment_status":"open","ping_status":"open","template":"","meta":{"om_disable_all_campaigns":false,"ngg_post_thumbnail":0,"two_page_speed":[],"footnotes":""},"class_list":["post-7181","page","type-page","status-publish","hentry"],"aioseo_notices":[],"_links":{"self":[{"href":"http:\/\/www.poppate.at\/index.php?rest_route=\/wp\/v2\/pages\/7181","targetHints":{"allow":["GET"]}}],"collection":[{"href":"http:\/\/www.poppate.at\/index.php?rest_route=\/wp\/v2\/pages"}],"about":[{"href":"http:\/\/www.poppate.at\/index.php?rest_route=\/wp\/v2\/types\/page"}],"author":[{"embeddable":true,"href":"http:\/\/www.poppate.at\/index.php?rest_route=\/wp\/v2\/users\/1"}],"replies":[{"embeddable":true,"href":"http:\/\/www.poppate.at\/index.php?rest_route=%2Fwp%2Fv2%2Fcomments&post=7181"}],"version-history":[{"count":113,"href":"http:\/\/www.poppate.at\/index.php?rest_route=\/wp\/v2\/pages\/7181\/revisions"}],"predecessor-version":[{"id":15857,"href":"http:\/\/www.poppate.at\/index.php?rest_route=\/wp\/v2\/pages\/7181\/revisions\/15857"}],"up":[{"embeddable":true,"href":"http:\/\/www.poppate.at\/index.php?rest_route=\/wp\/v2\/pages\/6607"}],"wp:attachment":[{"href":"http:\/\/www.poppate.at\/index.php?rest_route=%2Fwp%2Fv2%2Fmedia&parent=7181"}],"curies":[{"name":"wp","href":"https:\/\/api.w.org\/{rel}","templated":true}]}}