{"id":6607,"date":"2013-10-07T15:26:44","date_gmt":"2013-10-07T15:26:44","guid":{"rendered":"http:\/\/www.poppate.at\/?page_id=6607"},"modified":"2013-10-13T16:23:38","modified_gmt":"2013-10-13T16:23:38","slug":"agency","status":"publish","type":"page","link":"http:\/\/www.poppate.at\/?page_id=6607","title":{"rendered":"AGENCY"},"content":{"rendered":"<p>Unsere Agentur sieht sich nicht nur als Vermittler von K\u00fcntlern\/Bands sondern auch als Music Supervisor f\u00fcr ihr ausgewogenes Musikprogramm.<\/p>\n<p>Das Angebot reicht von nationalen Top Stars wie <strong>Rainhard Fendrich<\/strong> oder <strong>DelaDap<\/strong> auch zu internationale Stars, wie <strong>Jos\u00e9 Feliciano<\/strong> oder<strong> Earth, Wind &amp; Fire Experience feat Al McKay<\/strong>.<\/p>\n<p>Unsere langj\u00e4hrige T\u00e4tigkeit in der Musikbranche erm\u00f6glicht uns fast alle Vermittlungen. Das Genre Spektrum unserer Agneturt\u00e4tigkkeit gteht von Klassik, Jazz bis zu Pop \/ Rock.<\/p>\n<p><strong>Schicken Sie uns Ihren Musik\/K\u00fcnstlerwunsch und wir versuchen ihn zu erf\u00fcllen!<\/strong><\/p>\n","protected":false},"excerpt":{"rendered":"<p>Unsere Agentur sieht sich nicht nur als Vermittler von K\u00fcntlern\/Bands sondern auch als Music Supervisor f\u00fcr ihr ausgewogenes Musikprogramm. Das Angebot reicht von nationalen Top Stars wie Rainhard Fendrich oder DelaDap auch zu internationale Stars, wie Jos\u00e9 Feliciano oder Earth, Wind &amp; Fire Experience feat Al McKay. Unsere langj\u00e4hrige T\u00e4tigkeit in der Musikbranche erm\u00f6glicht uns [&hellip;]<\/p>\n","protected":false},"author":1,"featured_media":0,"parent":0,"menu_order":0,"comment_status":"closed","ping_status":"closed","template":"","meta":{"om_disable_all_campaigns":false,"ngg_post_thumbnail":0,"two_page_speed":[],"footnotes":""},"class_list":["post-6607","page","type-page","status-publish","hentry"],"aioseo_notices":[],"_links":{"self":[{"href":"http:\/\/www.poppate.at\/index.php?rest_route=\/wp\/v2\/pages\/6607","targetHints":{"allow":["GET"]}}],"collection":[{"href":"http:\/\/www.poppate.at\/index.php?rest_route=\/wp\/v2\/pages"}],"about":[{"href":"http:\/\/www.poppate.at\/index.php?rest_route=\/wp\/v2\/types\/page"}],"author":[{"embeddable":true,"href":"http:\/\/www.poppate.at\/index.php?rest_route=\/wp\/v2\/users\/1"}],"replies":[{"embeddable":true,"href":"http:\/\/www.poppate.at\/index.php?rest_route=%2Fwp%2Fv2%2Fcomments&post=6607"}],"version-history":[{"count":7,"href":"http:\/\/www.poppate.at\/index.php?rest_route=\/wp\/v2\/pages\/6607\/revisions"}],"predecessor-version":[{"id":6693,"href":"http:\/\/www.poppate.at\/index.php?rest_route=\/wp\/v2\/pages\/6607\/revisions\/6693"}],"wp:attachment":[{"href":"http:\/\/www.poppate.at\/index.php?rest_route=%2Fwp%2Fv2%2Fmedia&parent=6607"}],"curies":[{"name":"wp","href":"https:\/\/api.w.org\/{rel}","templated":true}]}}